{"id":34,"date":"2024-04-23T12:26:14","date_gmt":"2024-04-23T16:26:14","guid":{"rendered":"https:\/\/auto-fax.ca\/?page_id=34"},"modified":"2026-04-30T10:20:30","modified_gmt":"2026-04-30T14:20:30","slug":"contact","status":"publish","type":"page","link":"https:\/\/auto-fax.ca\/fr\/contact\/","title":{"rendered":"Contact"},"content":{"rendered":"<p><a href=\"https:\/\/www.google.ca\/maps\/place\/1131+Rue+Hickson,+Montr%C3%A9al,+QC+H4G+2L3\/@45.4659103,-73.5799523,16z\/data=!3m1!4b1!4m6!3m5!1s0x4cc910890045f449:0x92e39978a52e5882!8m2!3d45.4659103!4d-73.5773774!16s%2Fg%2F11g71zs784?entry=ttu&amp;g_ep=EgoyMDI0MDkxOC4xIKXMDSoASAFQAw%3D%3D\" target=\"_blank\" rel=\"noopener\">\u00a0<\/a><\/p>\n<h3>Adresse<\/h3>\n<p>1131 Rue Hickson, Montr\u00e9al, QC, H4G 2L3<\/p>\n<h3>T\u00e9l\u00e9phone<\/h3>\n<p>(514) 821-1363<\/p>\n<h3>T\u00e9l\u00e9phone<\/h3>\n<p>(438) 380-4321<\/p>\n<h3>Courriel<\/h3>\n<p>info@auto-fax.ca<\/p>\n<h3>Heures d\u2019ouvertures<\/h3>\n<p>Ouvert tous les jours: 09h00 \u2013 21h00<\/p>\n<h2>Pour toutes questions, veuillez s&rsquo;il vous pla\u00eet remplir le formulaire ci-dessous.<br \/>\nNous vous r\u00e9pondrons dans les brefs d\u00e9lais<\/h2>\n<p><iframe title=\"1131 Rue Hickson, Montr\u00e9al, QC H4G 2L3\" src=\"https:\/\/maps.google.com\/maps?q=1131%20Rue%20Hickson%2C%20Montr%C3%A9al%2C%20QC%20H4G%202L3&amp;t=m&amp;z=16&amp;output=embed&amp;iwloc=near\" aria-label=\"1131 Rue Hickson, Montr\u00e9al, QC H4G 2L3\"><\/iframe><\/p>\n","protected":false},"excerpt":{"rendered":"<p>\u00a0 Adresse 1131 Rue Hickson, Montr\u00e9al, QC, H4G 2L3 T\u00e9l\u00e9phone (514) 821-1363 T\u00e9l\u00e9phone (438) 380-4321 Courriel info@auto-fax.ca Heures d\u2019ouvertures Ouvert tous les jours: 09h00 \u2013 21h00 Pour toutes questions, veuillez s&rsquo;il vous pla\u00eet remplir le formulaire ci-dessous. Nous vous r\u00e9pondrons dans les brefs d\u00e9lais<\/p>\n","protected":false},"author":7,"featured_media":14,"parent":0,"menu_order":0,"comment_status":"closed","ping_status":"closed","template":"","meta":{"footnotes":""},"class_list":["post-34","page","type-page","status-publish","has-post-thumbnail","hentry","entry","has-media"],"yoast_head":"<!-- This site is optimized with the Yoast SEO plugin v24.9 - https:\/\/yoast.com\/wordpress\/plugins\/seo\/ -->\n<title>Contact - AUTOFAX - Vente, achat et laverie automobile<\/title>\n<meta name=\"robots\" content=\"index, follow, max-snippet:-1, max-image-preview:large, max-video-preview:-1\" \/>\n<link rel=\"canonical\" href=\"https:\/\/auto-fax.ca\/fr\/contact\/\" \/>\n<meta property=\"og:locale\" content=\"fr_FR\" \/>\n<meta property=\"og:type\" content=\"article\" \/>\n<meta property=\"og:title\" content=\"Contact - AUTOFAX - Vente, achat et laverie automobile\" \/>\n<meta property=\"og:description\" content=\"\u00a0 Adresse 1131 Rue Hickson, Montr\u00e9al, QC, H4G 2L3 T\u00e9l\u00e9phone (514) 821-1363 T\u00e9l\u00e9phone (438) 380-4321 Courriel info@auto-fax.ca Heures d\u2019ouvertures Ouvert tous les jours: 09h00 \u2013 21h00 Pour toutes questions, veuillez s&rsquo;il vous pla\u00eet remplir le formulaire ci-dessous. Nous vous r\u00e9pondrons dans les brefs d\u00e9lais\" \/>\n<meta property=\"og:url\" content=\"https:\/\/auto-fax.ca\/fr\/contact\/\" \/>\n<meta property=\"og:site_name\" content=\"AUTOFAX - Vente, achat et laverie automobile\" \/>\n<meta property=\"article:publisher\" content=\"https:\/\/www.facebook.com\/profile.php?id=61558718946141\" \/>\n<meta property=\"article:modified_time\" content=\"2026-04-30T14:20:30+00:00\" \/>\n<meta property=\"og:image\" content=\"https:\/\/auto-fax.ca\/wp-content\/uploads\/2024\/04\/logo-autofax-laverie-auto-pour-fond-clair.webp\" \/>\n\t<meta property=\"og:image:width\" content=\"450\" \/>\n\t<meta property=\"og:image:height\" content=\"150\" \/>\n\t<meta property=\"og:image:type\" content=\"image\/webp\" \/>\n<meta name=\"twitter:card\" content=\"summary_large_image\" \/>\n<meta name=\"twitter:label1\" content=\"Dur\u00e9e de lecture estim\u00e9e\" \/>\n\t<meta name=\"twitter:data1\" content=\"1 minute\" \/>\n<script type=\"application\/ld+json\" class=\"yoast-schema-graph\">{\"@context\":\"https:\/\/schema.org\",\"@graph\":[{\"@type\":\"WebPage\",\"@id\":\"https:\/\/auto-fax.ca\/fr\/contact\/\",\"url\":\"https:\/\/auto-fax.ca\/fr\/contact\/\",\"name\":\"Contact - AUTOFAX - Vente, achat et laverie automobile\",\"isPartOf\":{\"@id\":\"https:\/\/auto-fax.ca\/fr\/#website\"},\"primaryImageOfPage\":{\"@id\":\"https:\/\/auto-fax.ca\/fr\/contact\/#primaryimage\"},\"image\":{\"@id\":\"https:\/\/auto-fax.ca\/fr\/contact\/#primaryimage\"},\"thumbnailUrl\":\"https:\/\/auto-fax.ca\/wp-content\/uploads\/2024\/04\/logo-autofax-laverie-auto-pour-fond-clair.webp\",\"datePublished\":\"2024-04-23T16:26:14+00:00\",\"dateModified\":\"2026-04-30T14:20:30+00:00\",\"breadcrumb\":{\"@id\":\"https:\/\/auto-fax.ca\/fr\/contact\/#breadcrumb\"},\"inLanguage\":\"fr-FR\",\"potentialAction\":[{\"@type\":\"ReadAction\",\"target\":[\"https:\/\/auto-fax.ca\/fr\/contact\/\"]}]},{\"@type\":\"ImageObject\",\"inLanguage\":\"fr-FR\",\"@id\":\"https:\/\/auto-fax.ca\/fr\/contact\/#primaryimage\",\"url\":\"https:\/\/auto-fax.ca\/wp-content\/uploads\/2024\/04\/logo-autofax-laverie-auto-pour-fond-clair.webp\",\"contentUrl\":\"https:\/\/auto-fax.ca\/wp-content\/uploads\/2024\/04\/logo-autofax-laverie-auto-pour-fond-clair.webp\",\"width\":450,\"height\":150,\"caption\":\"AUTOFAX - Vente, achat et laverie automobile \u00e0 Montr\u00e9al\"},{\"@type\":\"BreadcrumbList\",\"@id\":\"https:\/\/auto-fax.ca\/fr\/contact\/#breadcrumb\",\"itemListElement\":[{\"@type\":\"ListItem\",\"position\":1,\"name\":\"Accueil\",\"item\":\"https:\/\/auto-fax.ca\/\"},{\"@type\":\"ListItem\",\"position\":2,\"name\":\"Contact\"}]},{\"@type\":\"WebSite\",\"@id\":\"https:\/\/auto-fax.ca\/fr\/#website\",\"url\":\"https:\/\/auto-fax.ca\/fr\/\",\"name\":\"AUTOFAX - Vente, achat et laverie automobile \u00e0 Verdun\",\"description\":\"Le sp\u00e9cialiste de la vente, l&#039;achat et la laverie de v\u00e9hicules \u00e0 Montr\u00e9al\",\"publisher\":{\"@id\":\"https:\/\/auto-fax.ca\/fr\/#organization\"},\"alternateName\":\"AUTOFAX - Vente, achat et laverie automobile \u00e0 Verdun\",\"potentialAction\":[{\"@type\":\"SearchAction\",\"target\":{\"@type\":\"EntryPoint\",\"urlTemplate\":\"https:\/\/auto-fax.ca\/fr\/?s={search_term_string}\"},\"query-input\":{\"@type\":\"PropertyValueSpecification\",\"valueRequired\":true,\"valueName\":\"search_term_string\"}}],\"inLanguage\":\"fr-FR\"},{\"@type\":\"Organization\",\"@id\":\"https:\/\/auto-fax.ca\/fr\/#organization\",\"name\":\"AUTOFAX - Vente, achat et laverie automobile \u00e0 Verdun\",\"alternateName\":\"AUTOFAX - Vente, achat et laverie automobile \u00e0 Verdun\",\"url\":\"https:\/\/auto-fax.ca\/fr\/\",\"logo\":{\"@type\":\"ImageObject\",\"inLanguage\":\"fr-FR\",\"@id\":\"https:\/\/auto-fax.ca\/fr\/#\/schema\/logo\/image\/\",\"url\":\"https:\/\/auto-fax.ca\/wp-content\/uploads\/2024\/04\/logo-autofax-laverie-auto-pour-fond-clair.webp\",\"contentUrl\":\"https:\/\/auto-fax.ca\/wp-content\/uploads\/2024\/04\/logo-autofax-laverie-auto-pour-fond-clair.webp\",\"width\":450,\"height\":150,\"caption\":\"AUTOFAX - Vente, achat et laverie automobile \u00e0 Verdun\"},\"image\":{\"@id\":\"https:\/\/auto-fax.ca\/fr\/#\/schema\/logo\/image\/\"},\"sameAs\":[\"https:\/\/www.facebook.com\/profile.php?id=61558718946141\",\"https:\/\/www.instagram.com\/autofax2024\/\",\"https:\/\/www.linkedin.com\/company\/autofax-lave-auto-montreal\/\",\"https:\/\/www.youtube.com\/@Autofax-LaveautoMontreal\",\"https:\/\/www.tiktok.com\/@autofaxlaveauto.montreal\"]}]}<\/script>\n<!-- \/ Yoast SEO plugin. -->","yoast_head_json":{"title":"Contact - AUTOFAX - Vente, achat et laverie automobile","robots":{"index":"index","follow":"follow","max-snippet":"max-snippet:-1","max-image-preview":"max-image-preview:large","max-video-preview":"max-video-preview:-1"},"canonical":"https:\/\/auto-fax.ca\/fr\/contact\/","og_locale":"fr_FR","og_type":"article","og_title":"Contact - AUTOFAX - Vente, achat et laverie automobile","og_description":"\u00a0 Adresse 1131 Rue Hickson, Montr\u00e9al, QC, H4G 2L3 T\u00e9l\u00e9phone (514) 821-1363 T\u00e9l\u00e9phone (438) 380-4321 Courriel info@auto-fax.ca Heures d\u2019ouvertures Ouvert tous les jours: 09h00 \u2013 21h00 Pour toutes questions, veuillez s&rsquo;il vous pla\u00eet remplir le formulaire ci-dessous. Nous vous r\u00e9pondrons dans les brefs d\u00e9lais","og_url":"https:\/\/auto-fax.ca\/fr\/contact\/","og_site_name":"AUTOFAX - Vente, achat et laverie automobile","article_publisher":"https:\/\/www.facebook.com\/profile.php?id=61558718946141","article_modified_time":"2026-04-30T14:20:30+00:00","og_image":[{"width":450,"height":150,"url":"https:\/\/auto-fax.ca\/wp-content\/uploads\/2024\/04\/logo-autofax-laverie-auto-pour-fond-clair.webp","type":"image\/webp"}],"twitter_card":"summary_large_image","twitter_misc":{"Dur\u00e9e de lecture estim\u00e9e":"1 minute"},"schema":{"@context":"https:\/\/schema.org","@graph":[{"@type":"WebPage","@id":"https:\/\/auto-fax.ca\/fr\/contact\/","url":"https:\/\/auto-fax.ca\/fr\/contact\/","name":"Contact - AUTOFAX - Vente, achat et laverie automobile","isPartOf":{"@id":"https:\/\/auto-fax.ca\/fr\/#website"},"primaryImageOfPage":{"@id":"https:\/\/auto-fax.ca\/fr\/contact\/#primaryimage"},"image":{"@id":"https:\/\/auto-fax.ca\/fr\/contact\/#primaryimage"},"thumbnailUrl":"https:\/\/auto-fax.ca\/wp-content\/uploads\/2024\/04\/logo-autofax-laverie-auto-pour-fond-clair.webp","datePublished":"2024-04-23T16:26:14+00:00","dateModified":"2026-04-30T14:20:30+00:00","breadcrumb":{"@id":"https:\/\/auto-fax.ca\/fr\/contact\/#breadcrumb"},"inLanguage":"fr-FR","potentialAction":[{"@type":"ReadAction","target":["https:\/\/auto-fax.ca\/fr\/contact\/"]}]},{"@type":"ImageObject","inLanguage":"fr-FR","@id":"https:\/\/auto-fax.ca\/fr\/contact\/#primaryimage","url":"https:\/\/auto-fax.ca\/wp-content\/uploads\/2024\/04\/logo-autofax-laverie-auto-pour-fond-clair.webp","contentUrl":"https:\/\/auto-fax.ca\/wp-content\/uploads\/2024\/04\/logo-autofax-laverie-auto-pour-fond-clair.webp","width":450,"height":150,"caption":"AUTOFAX - Vente, achat et laverie automobile \u00e0 Montr\u00e9al"},{"@type":"BreadcrumbList","@id":"https:\/\/auto-fax.ca\/fr\/contact\/#breadcrumb","itemListElement":[{"@type":"ListItem","position":1,"name":"Accueil","item":"https:\/\/auto-fax.ca\/"},{"@type":"ListItem","position":2,"name":"Contact"}]},{"@type":"WebSite","@id":"https:\/\/auto-fax.ca\/fr\/#website","url":"https:\/\/auto-fax.ca\/fr\/","name":"AUTOFAX - Vente, achat et laverie automobile \u00e0 Verdun","description":"Le sp\u00e9cialiste de la vente, l&#039;achat et la laverie de v\u00e9hicules \u00e0 Montr\u00e9al","publisher":{"@id":"https:\/\/auto-fax.ca\/fr\/#organization"},"alternateName":"AUTOFAX - Vente, achat et laverie automobile \u00e0 Verdun","potentialAction":[{"@type":"SearchAction","target":{"@type":"EntryPoint","urlTemplate":"https:\/\/auto-fax.ca\/fr\/?s={search_term_string}"},"query-input":{"@type":"PropertyValueSpecification","valueRequired":true,"valueName":"search_term_string"}}],"inLanguage":"fr-FR"},{"@type":"Organization","@id":"https:\/\/auto-fax.ca\/fr\/#organization","name":"AUTOFAX - Vente, achat et laverie automobile \u00e0 Verdun","alternateName":"AUTOFAX - Vente, achat et laverie automobile \u00e0 Verdun","url":"https:\/\/auto-fax.ca\/fr\/","logo":{"@type":"ImageObject","inLanguage":"fr-FR","@id":"https:\/\/auto-fax.ca\/fr\/#\/schema\/logo\/image\/","url":"https:\/\/auto-fax.ca\/wp-content\/uploads\/2024\/04\/logo-autofax-laverie-auto-pour-fond-clair.webp","contentUrl":"https:\/\/auto-fax.ca\/wp-content\/uploads\/2024\/04\/logo-autofax-laverie-auto-pour-fond-clair.webp","width":450,"height":150,"caption":"AUTOFAX - Vente, achat et laverie automobile \u00e0 Verdun"},"image":{"@id":"https:\/\/auto-fax.ca\/fr\/#\/schema\/logo\/image\/"},"sameAs":["https:\/\/www.facebook.com\/profile.php?id=61558718946141","https:\/\/www.instagram.com\/autofax2024\/","https:\/\/www.linkedin.com\/company\/autofax-lave-auto-montreal\/","https:\/\/www.youtube.com\/@Autofax-LaveautoMontreal","https:\/\/www.tiktok.com\/@autofaxlaveauto.montreal"]}]}},"_links":{"self":[{"href":"https:\/\/auto-fax.ca\/fr\/wp-json\/wp\/v2\/pages\/34","targetHints":{"allow":["GET"]}}],"collection":[{"href":"https:\/\/auto-fax.ca\/fr\/wp-json\/wp\/v2\/pages"}],"about":[{"href":"https:\/\/auto-fax.ca\/fr\/wp-json\/wp\/v2\/types\/page"}],"author":[{"embeddable":true,"href":"https:\/\/auto-fax.ca\/fr\/wp-json\/wp\/v2\/users\/7"}],"replies":[{"embeddable":true,"href":"https:\/\/auto-fax.ca\/fr\/wp-json\/wp\/v2\/comments?post=34"}],"version-history":[{"count":119,"href":"https:\/\/auto-fax.ca\/fr\/wp-json\/wp\/v2\/pages\/34\/revisions"}],"predecessor-version":[{"id":1042,"href":"https:\/\/auto-fax.ca\/fr\/wp-json\/wp\/v2\/pages\/34\/revisions\/1042"}],"wp:featuredmedia":[{"embeddable":true,"href":"https:\/\/auto-fax.ca\/fr\/wp-json\/wp\/v2\/media\/14"}],"wp:attachment":[{"href":"https:\/\/auto-fax.ca\/fr\/wp-json\/wp\/v2\/media?parent=34"}],"curies":[{"name":"wp","href":"https:\/\/api.w.org\/{rel}","templated":true}]}}