{"id":42,"date":"2024-04-23T12:28:27","date_gmt":"2024-04-23T16:28:27","guid":{"rendered":"https:\/\/auto-fax.ca\/?page_id=42"},"modified":"2024-04-26T14:31:18","modified_gmt":"2024-04-26T18:31:18","slug":"prendre-rendez-vous","status":"publish","type":"page","link":"https:\/\/auto-fax.ca\/fr\/prendre-rendez-vous\/","title":{"rendered":"Prendre rendez-vous"},"content":{"rendered":"\t\t<div data-elementor-type=\"wp-page\" data-elementor-id=\"42\" class=\"elementor elementor-42\">\n\t\t\t\t<div class=\"elementor-element elementor-element-9b58e7a e-flex e-con-boxed e-con e-parent\" data-id=\"9b58e7a\" data-element_type=\"container\">\n\t\t\t\t\t<div class=\"e-con-inner\">\n\t\t\t\t<div class=\"elementor-element elementor-element-ce44f3f elementor-widget elementor-widget-stepbooking\" data-id=\"ce44f3f\" data-element_type=\"widget\" data-widget_type=\"stepbooking.default\">\n\t\t\t\t<div class=\"elementor-widget-container\">\n\t\t\t\t\t\n<script>\n  if (typeof hasAmeliaEntitiesApiCall === 'undefined' && ('' === '' && '' !== '1')) {\n    var hasAmeliaEntitiesApiCall = true;\n  }\n  var ameliaShortcodeData = (typeof ameliaShortcodeData === 'undefined') ? [] : ameliaShortcodeData;\n  ameliaShortcodeData.push(\n    {\n      'hasApiCall': (typeof hasAmeliaEntitiesApiCall !== 'undefined') && hasAmeliaEntitiesApiCall,\n      'trigger': '',\n      'trigger_type': '',\n      'triggered_form': 'sbsNew',\n      'in_dialog': '',\n      'show': '',\n      'counter': '1000',\n      'category': '',\n      'service': '',\n      'employee': '',\n      'location': '',\n      'package': '',\n      'layout': '1',\n    }\n  );\n\n  var ameliaShortcodeDataTriggered = (typeof ameliaShortcodeDataTriggered === 'undefined') ? [] : ameliaShortcodeDataTriggered;\n  if (ameliaShortcodeData[ameliaShortcodeData.length - 1].trigger !== '') {\n    if (ameliaShortcodeDataTriggered.filter(a => a.counter === ameliaShortcodeData[ameliaShortcodeData.length - 1].counter).length === 0) {\n      ameliaShortcodeDataTriggered.push(ameliaShortcodeData.pop());\n    } else {\n      ameliaShortcodeData.pop()\n    }\n  }\n  if (typeof hasAmeliaEntitiesApiCall !== 'undefined' && hasAmeliaEntitiesApiCall) {\n    hasAmeliaEntitiesApiCall = false;\n  }\n<\/script>\n\n<div\n  id=\"amelia-v2-booking-1000\"\n  class=\"amelia-v2-booking\"\n >\n    <step-form-wrapper><\/step-form-wrapper><\/div>\n\t\t\t\t<\/div>\n\t\t\t\t<\/div>\n\t\t\t\t\t<\/div>\n\t\t\t\t<\/div>\n\t\t\t\t<\/div>\n\t\t","protected":false},"excerpt":{"rendered":"","protected":false},"author":7,"featured_media":14,"parent":0,"menu_order":0,"comment_status":"closed","ping_status":"closed","template":"","meta":{"footnotes":""},"class_list":["post-42","page","type-page","status-publish","has-post-thumbnail","hentry","entry","has-media"],"yoast_head":"<!-- This site is optimized with the Yoast SEO plugin v24.9 - https:\/\/yoast.com\/wordpress\/plugins\/seo\/ -->\n<title>Prendre rendez-vous - AUTOFAX - Vente, achat et laverie automobile<\/title>\n<meta name=\"robots\" content=\"index, follow, max-snippet:-1, max-image-preview:large, max-video-preview:-1\" \/>\n<link rel=\"canonical\" href=\"https:\/\/auto-fax.ca\/fr\/prendre-rendez-vous\/\" \/>\n<meta property=\"og:locale\" content=\"fr_FR\" \/>\n<meta property=\"og:type\" content=\"article\" \/>\n<meta property=\"og:title\" content=\"Prendre rendez-vous - AUTOFAX - Vente, achat et laverie automobile\" \/>\n<meta property=\"og:url\" content=\"https:\/\/auto-fax.ca\/fr\/prendre-rendez-vous\/\" \/>\n<meta property=\"og:site_name\" content=\"AUTOFAX - Vente, achat et laverie automobile\" \/>\n<meta property=\"article:publisher\" content=\"https:\/\/www.facebook.com\/profile.php?id=61558718946141\" \/>\n<meta property=\"article:modified_time\" content=\"2024-04-26T18:31:18+00:00\" \/>\n<meta property=\"og:image\" content=\"https:\/\/auto-fax.ca\/wp-content\/uploads\/2024\/04\/logo-autofax-laverie-auto-pour-fond-clair.webp\" \/>\n\t<meta property=\"og:image:width\" content=\"450\" \/>\n\t<meta property=\"og:image:height\" content=\"150\" \/>\n\t<meta property=\"og:image:type\" content=\"image\/webp\" \/>\n<meta name=\"twitter:card\" content=\"summary_large_image\" \/>\n<script type=\"application\/ld+json\" class=\"yoast-schema-graph\">{\"@context\":\"https:\/\/schema.org\",\"@graph\":[{\"@type\":\"WebPage\",\"@id\":\"https:\/\/auto-fax.ca\/fr\/prendre-rendez-vous\/\",\"url\":\"https:\/\/auto-fax.ca\/fr\/prendre-rendez-vous\/\",\"name\":\"Prendre rendez-vous - AUTOFAX - Vente, achat et laverie automobile\",\"isPartOf\":{\"@id\":\"https:\/\/auto-fax.ca\/fr\/#website\"},\"primaryImageOfPage\":{\"@id\":\"https:\/\/auto-fax.ca\/fr\/prendre-rendez-vous\/#primaryimage\"},\"image\":{\"@id\":\"https:\/\/auto-fax.ca\/fr\/prendre-rendez-vous\/#primaryimage\"},\"thumbnailUrl\":\"https:\/\/auto-fax.ca\/wp-content\/uploads\/2024\/04\/logo-autofax-laverie-auto-pour-fond-clair.webp\",\"datePublished\":\"2024-04-23T16:28:27+00:00\",\"dateModified\":\"2024-04-26T18:31:18+00:00\",\"breadcrumb\":{\"@id\":\"https:\/\/auto-fax.ca\/fr\/prendre-rendez-vous\/#breadcrumb\"},\"inLanguage\":\"fr-FR\",\"potentialAction\":[{\"@type\":\"ReadAction\",\"target\":[\"https:\/\/auto-fax.ca\/fr\/prendre-rendez-vous\/\"]}]},{\"@type\":\"ImageObject\",\"inLanguage\":\"fr-FR\",\"@id\":\"https:\/\/auto-fax.ca\/fr\/prendre-rendez-vous\/#primaryimage\",\"url\":\"https:\/\/auto-fax.ca\/wp-content\/uploads\/2024\/04\/logo-autofax-laverie-auto-pour-fond-clair.webp\",\"contentUrl\":\"https:\/\/auto-fax.ca\/wp-content\/uploads\/2024\/04\/logo-autofax-laverie-auto-pour-fond-clair.webp\",\"width\":450,\"height\":150,\"caption\":\"AUTOFAX - Vente, achat et laverie automobile \u00e0 Montr\u00e9al\"},{\"@type\":\"BreadcrumbList\",\"@id\":\"https:\/\/auto-fax.ca\/fr\/prendre-rendez-vous\/#breadcrumb\",\"itemListElement\":[{\"@type\":\"ListItem\",\"position\":1,\"name\":\"Accueil\",\"item\":\"https:\/\/auto-fax.ca\/\"},{\"@type\":\"ListItem\",\"position\":2,\"name\":\"Prendre rendez-vous\"}]},{\"@type\":\"WebSite\",\"@id\":\"https:\/\/auto-fax.ca\/fr\/#website\",\"url\":\"https:\/\/auto-fax.ca\/fr\/\",\"name\":\"AUTOFAX - Vente, achat et laverie automobile \u00e0 Verdun\",\"description\":\"Le sp\u00e9cialiste de la vente, l&#039;achat et la laverie de v\u00e9hicules \u00e0 Montr\u00e9al\",\"publisher\":{\"@id\":\"https:\/\/auto-fax.ca\/fr\/#organization\"},\"alternateName\":\"AUTOFAX - Vente, achat et laverie automobile \u00e0 Verdun\",\"potentialAction\":[{\"@type\":\"SearchAction\",\"target\":{\"@type\":\"EntryPoint\",\"urlTemplate\":\"https:\/\/auto-fax.ca\/fr\/?s={search_term_string}\"},\"query-input\":{\"@type\":\"PropertyValueSpecification\",\"valueRequired\":true,\"valueName\":\"search_term_string\"}}],\"inLanguage\":\"fr-FR\"},{\"@type\":\"Organization\",\"@id\":\"https:\/\/auto-fax.ca\/fr\/#organization\",\"name\":\"AUTOFAX - Vente, achat et laverie automobile \u00e0 Verdun\",\"alternateName\":\"AUTOFAX - Vente, achat et laverie automobile \u00e0 Verdun\",\"url\":\"https:\/\/auto-fax.ca\/fr\/\",\"logo\":{\"@type\":\"ImageObject\",\"inLanguage\":\"fr-FR\",\"@id\":\"https:\/\/auto-fax.ca\/fr\/#\/schema\/logo\/image\/\",\"url\":\"https:\/\/auto-fax.ca\/wp-content\/uploads\/2024\/04\/logo-autofax-laverie-auto-pour-fond-clair.webp\",\"contentUrl\":\"https:\/\/auto-fax.ca\/wp-content\/uploads\/2024\/04\/logo-autofax-laverie-auto-pour-fond-clair.webp\",\"width\":450,\"height\":150,\"caption\":\"AUTOFAX - Vente, achat et laverie automobile \u00e0 Verdun\"},\"image\":{\"@id\":\"https:\/\/auto-fax.ca\/fr\/#\/schema\/logo\/image\/\"},\"sameAs\":[\"https:\/\/www.facebook.com\/profile.php?id=61558718946141\",\"https:\/\/www.instagram.com\/autofax2024\/\",\"https:\/\/www.linkedin.com\/company\/autofax-lave-auto-montreal\/\",\"https:\/\/www.youtube.com\/@Autofax-LaveautoMontreal\",\"https:\/\/www.tiktok.com\/@autofaxlaveauto.montreal\"]}]}<\/script>\n<!-- \/ Yoast SEO plugin. -->","yoast_head_json":{"title":"Prendre rendez-vous - AUTOFAX - Vente, achat et laverie automobile","robots":{"index":"index","follow":"follow","max-snippet":"max-snippet:-1","max-image-preview":"max-image-preview:large","max-video-preview":"max-video-preview:-1"},"canonical":"https:\/\/auto-fax.ca\/fr\/prendre-rendez-vous\/","og_locale":"fr_FR","og_type":"article","og_title":"Prendre rendez-vous - AUTOFAX - Vente, achat et laverie automobile","og_url":"https:\/\/auto-fax.ca\/fr\/prendre-rendez-vous\/","og_site_name":"AUTOFAX - Vente, achat et laverie automobile","article_publisher":"https:\/\/www.facebook.com\/profile.php?id=61558718946141","article_modified_time":"2024-04-26T18:31:18+00:00","og_image":[{"width":450,"height":150,"url":"https:\/\/auto-fax.ca\/wp-content\/uploads\/2024\/04\/logo-autofax-laverie-auto-pour-fond-clair.webp","type":"image\/webp"}],"twitter_card":"summary_large_image","schema":{"@context":"https:\/\/schema.org","@graph":[{"@type":"WebPage","@id":"https:\/\/auto-fax.ca\/fr\/prendre-rendez-vous\/","url":"https:\/\/auto-fax.ca\/fr\/prendre-rendez-vous\/","name":"Prendre rendez-vous - AUTOFAX - Vente, achat et laverie automobile","isPartOf":{"@id":"https:\/\/auto-fax.ca\/fr\/#website"},"primaryImageOfPage":{"@id":"https:\/\/auto-fax.ca\/fr\/prendre-rendez-vous\/#primaryimage"},"image":{"@id":"https:\/\/auto-fax.ca\/fr\/prendre-rendez-vous\/#primaryimage"},"thumbnailUrl":"https:\/\/auto-fax.ca\/wp-content\/uploads\/2024\/04\/logo-autofax-laverie-auto-pour-fond-clair.webp","datePublished":"2024-04-23T16:28:27+00:00","dateModified":"2024-04-26T18:31:18+00:00","breadcrumb":{"@id":"https:\/\/auto-fax.ca\/fr\/prendre-rendez-vous\/#breadcrumb"},"inLanguage":"fr-FR","potentialAction":[{"@type":"ReadAction","target":["https:\/\/auto-fax.ca\/fr\/prendre-rendez-vous\/"]}]},{"@type":"ImageObject","inLanguage":"fr-FR","@id":"https:\/\/auto-fax.ca\/fr\/prendre-rendez-vous\/#primaryimage","url":"https:\/\/auto-fax.ca\/wp-content\/uploads\/2024\/04\/logo-autofax-laverie-auto-pour-fond-clair.webp","contentUrl":"https:\/\/auto-fax.ca\/wp-content\/uploads\/2024\/04\/logo-autofax-laverie-auto-pour-fond-clair.webp","width":450,"height":150,"caption":"AUTOFAX - Vente, achat et laverie automobile \u00e0 Montr\u00e9al"},{"@type":"BreadcrumbList","@id":"https:\/\/auto-fax.ca\/fr\/prendre-rendez-vous\/#breadcrumb","itemListElement":[{"@type":"ListItem","position":1,"name":"Accueil","item":"https:\/\/auto-fax.ca\/"},{"@type":"ListItem","position":2,"name":"Prendre rendez-vous"}]},{"@type":"WebSite","@id":"https:\/\/auto-fax.ca\/fr\/#website","url":"https:\/\/auto-fax.ca\/fr\/","name":"AUTOFAX - Vente, achat et laverie automobile \u00e0 Verdun","description":"Le sp\u00e9cialiste de la vente, l&#039;achat et la laverie de v\u00e9hicules \u00e0 Montr\u00e9al","publisher":{"@id":"https:\/\/auto-fax.ca\/fr\/#organization"},"alternateName":"AUTOFAX - Vente, achat et laverie automobile \u00e0 Verdun","potentialAction":[{"@type":"SearchAction","target":{"@type":"EntryPoint","urlTemplate":"https:\/\/auto-fax.ca\/fr\/?s={search_term_string}"},"query-input":{"@type":"PropertyValueSpecification","valueRequired":true,"valueName":"search_term_string"}}],"inLanguage":"fr-FR"},{"@type":"Organization","@id":"https:\/\/auto-fax.ca\/fr\/#organization","name":"AUTOFAX - Vente, achat et laverie automobile \u00e0 Verdun","alternateName":"AUTOFAX - Vente, achat et laverie automobile \u00e0 Verdun","url":"https:\/\/auto-fax.ca\/fr\/","logo":{"@type":"ImageObject","inLanguage":"fr-FR","@id":"https:\/\/auto-fax.ca\/fr\/#\/schema\/logo\/image\/","url":"https:\/\/auto-fax.ca\/wp-content\/uploads\/2024\/04\/logo-autofax-laverie-auto-pour-fond-clair.webp","contentUrl":"https:\/\/auto-fax.ca\/wp-content\/uploads\/2024\/04\/logo-autofax-laverie-auto-pour-fond-clair.webp","width":450,"height":150,"caption":"AUTOFAX - Vente, achat et laverie automobile \u00e0 Verdun"},"image":{"@id":"https:\/\/auto-fax.ca\/fr\/#\/schema\/logo\/image\/"},"sameAs":["https:\/\/www.facebook.com\/profile.php?id=61558718946141","https:\/\/www.instagram.com\/autofax2024\/","https:\/\/www.linkedin.com\/company\/autofax-lave-auto-montreal\/","https:\/\/www.youtube.com\/@Autofax-LaveautoMontreal","https:\/\/www.tiktok.com\/@autofaxlaveauto.montreal"]}]}},"_links":{"self":[{"href":"https:\/\/auto-fax.ca\/fr\/wp-json\/wp\/v2\/pages\/42","targetHints":{"allow":["GET"]}}],"collection":[{"href":"https:\/\/auto-fax.ca\/fr\/wp-json\/wp\/v2\/pages"}],"about":[{"href":"https:\/\/auto-fax.ca\/fr\/wp-json\/wp\/v2\/types\/page"}],"author":[{"embeddable":true,"href":"https:\/\/auto-fax.ca\/fr\/wp-json\/wp\/v2\/users\/7"}],"replies":[{"embeddable":true,"href":"https:\/\/auto-fax.ca\/fr\/wp-json\/wp\/v2\/comments?post=42"}],"version-history":[{"count":29,"href":"https:\/\/auto-fax.ca\/fr\/wp-json\/wp\/v2\/pages\/42\/revisions"}],"predecessor-version":[{"id":887,"href":"https:\/\/auto-fax.ca\/fr\/wp-json\/wp\/v2\/pages\/42\/revisions\/887"}],"wp:featuredmedia":[{"embeddable":true,"href":"https:\/\/auto-fax.ca\/fr\/wp-json\/wp\/v2\/media\/14"}],"wp:attachment":[{"href":"https:\/\/auto-fax.ca\/fr\/wp-json\/wp\/v2\/media?parent=42"}],"curies":[{"name":"wp","href":"https:\/\/api.w.org\/{rel}","templated":true}]}}